{"id":79,"date":"2015-07-17T20:31:48","date_gmt":"2015-07-17T22:31:48","guid":{"rendered":"http:\/\/cridecride.com\/?page_id=79"},"modified":"2026-01-07T19:34:43","modified_gmt":"2026-01-07T22:34:43","slug":"feijoada-no-restaurante-apcefpr-25072015","status":"publish","type":"page","link":"https:\/\/cridecride.com\/?page_id=79","title":{"rendered":"PR\u00d3XIMO EVENTO, PEIXADA CAIOBA, DIA 20\/21MARCO\/2026, APCEF\/CAIOBA."},"content":{"rendered":"\n<p><\/p>\n\n\n\n<p><\/p>\n\n\n\n<p class=\"has-vivid-purple-background-color has-background has-medium-font-size\">Car\u00edssimos Associados Cride-Cridenses, Solicitamos que agilizem a confirma\u00e7\u00e3o de presen\u00e7a ou ausencia em nosso pr\u00f3ximo evento, para que possamos nos organizar.<\/p>\n\n\n\n<p><\/p>\n\n\n\n<p><\/p>\n\n\n\n<p><\/p>\n\n\n\n<p><\/p>\n\n\n\n<p><\/p>\n\n\n\n<p><\/p>\n\n\n\n<h2 class=\"wp-block-heading\"> <\/h2>\n\n\n\n<p><\/p>\n\n\n\n<p><\/p>\n\n\n<p>&nbsp;<\/p>\n<p>&nbsp;<\/p>\n<p>&nbsp;<\/p>\n<p>DIRETORIA<\/p>\n\n\n<p><\/p>\n","protected":false},"excerpt":{"rendered":"<p>Car\u00edssimos Associados Cride-Cridenses, Solicitamos que agilizem a confirma\u00e7\u00e3o de presen\u00e7a ou ausencia em nosso pr\u00f3ximo evento, para que possamos nos organizar. &nbsp; &nbsp; &nbsp; DIRETORIA<\/p>\n","protected":false},"author":2,"featured_media":0,"parent":0,"menu_order":0,"comment_status":"open","ping_status":"open","template":"","meta":{"footnotes":""},"class_list":["post-79","page","type-page","status-publish","hentry"],"_links":{"self":[{"href":"https:\/\/cridecride.com\/index.php?rest_route=\/wp\/v2\/pages\/79","targetHints":{"allow":["GET"]}}],"collection":[{"href":"https:\/\/cridecride.com\/index.php?rest_route=\/wp\/v2\/pages"}],"about":[{"href":"https:\/\/cridecride.com\/index.php?rest_route=\/wp\/v2\/types\/page"}],"author":[{"embeddable":true,"href":"https:\/\/cridecride.com\/index.php?rest_route=\/wp\/v2\/users\/2"}],"replies":[{"embeddable":true,"href":"https:\/\/cridecride.com\/index.php?rest_route=%2Fwp%2Fv2%2Fcomments&post=79"}],"version-history":[{"count":2,"href":"https:\/\/cridecride.com\/index.php?rest_route=\/wp\/v2\/pages\/79\/revisions"}],"predecessor-version":[{"id":1803,"href":"https:\/\/cridecride.com\/index.php?rest_route=\/wp\/v2\/pages\/79\/revisions\/1803"}],"wp:attachment":[{"href":"https:\/\/cridecride.com\/index.php?rest_route=%2Fwp%2Fv2%2Fmedia&parent=79"}],"curies":[{"name":"wp","href":"https:\/\/api.w.org\/{rel}","templated":true}]}}